{"id":51,"date":"2016-07-16T13:39:10","date_gmt":"2016-07-16T11:39:10","guid":{"rendered":"http:\/\/bistro-katt.eu\/?page_id=51"},"modified":"2025-11-26T12:04:17","modified_gmt":"2025-11-26T10:04:17","slug":"poetry-slam","status":"publish","type":"page","link":"https:\/\/bistro-katt.eu\/?page_id=51","title":{"rendered":"Poetry Slam"},"content":{"rendered":"<blockquote><strong>Jeden zweiten Monat findet im Bistro Katt der Zeilensprung statt<\/strong><\/blockquote>\n<strong><img loading=\"lazy\" decoding=\"async\" class=\"alignleft wp-image-650 size-large\" src=\"https:\/\/bistro-katt.eu\/wp-content\/uploads\/2016\/07\/Foto_Zeilensprung_BistroKatt-1024x683.jpg\" alt=\"\" width=\"640\" height=\"427\" srcset=\"https:\/\/bistro-katt.eu\/wp-content\/uploads\/2016\/07\/Foto_Zeilensprung_BistroKatt-1024x683.jpg 1024w, https:\/\/bistro-katt.eu\/wp-content\/uploads\/2016\/07\/Foto_Zeilensprung_BistroKatt-300x200.jpg 300w, https:\/\/bistro-katt.eu\/wp-content\/uploads\/2016\/07\/Foto_Zeilensprung_BistroKatt-768x512.jpg 768w, https:\/\/bistro-katt.eu\/wp-content\/uploads\/2016\/07\/Foto_Zeilensprung_BistroKatt-50x33.jpg 50w, https:\/\/bistro-katt.eu\/wp-content\/uploads\/2016\/07\/Foto_Zeilensprung_BistroKatt-272x182.jpg 272w, https:\/\/bistro-katt.eu\/wp-content\/uploads\/2016\/07\/Foto_Zeilensprung_BistroKatt.jpg 1964w\" sizes=\"auto, (max-width: 640px) 100vw, 640px\" \/><\/strong>\n<div class=\"page\" title=\"Page 1\">\n<div class=\"layoutArea\">\n<div class=\"column\">\n\nWenn das Mikrofon knistert und die Schweinwerfer die B\u00fchne erleuchten, dann ist Eines klar: Es ist wieder Zeit f\u00fcr den <strong>Zeilensprung \u2013 Poetry Slam!<\/strong> K\u00fcnstler*innen des gesprochenen Wortes treten auf der B\u00fchne mit ihren eigenen Texten gegeneinander an, um anschlie\u00dfend das Publikum in ihren Bann zu ziehen und es dar\u00fcber entscheiden zu lassen, wer als Sieger die B\u00fchne verlassen wird.\n\nDie Regeln f\u00fcr Teilnehmende bei diesem literarischen Wettbewerb sind denkbar einfach: Der Text muss selbstverfasst sein, f\u00fcr jeden Vortrag gilt ein Zeitlimit von knackigen sechs Minuten und Requisiten? Sind verboten! Den Texten selbst sind dabei aber keinerlei Grenzen gesetzt: So k\u00f6nnen diese humoristisch, nachdenklich, aber auch politisch, lyrisch oder einfach auch mal sinnfrei sein. Das Publikum darf also einen gro\u00dfartigen Abend, an dem eine bunte und unberechenbare Mischung aus Storytelling, Comedy, Poesie, Rap und Improvisation geboten wird, erwarten.\n\nDurch den Abend f\u00fchren dabei zwei echte Wermelskirchner Originale: Anna Lisa Tuczek &amp; Oscar Malinowksi. Mit einer Prise Bergischem Humor und Charme begleitet das Moderationsduo das Spektakel.\n\n<strong>Hinweis<\/strong>:\nBitte nehmt zur Kenntnis und habt Verst\u00e4ndnis daf\u00fcr, dass es auf Grund von Corona und offiziellen Schutzma\u00dfnahmen zu kurzfristigen \u00c4nderungen kommen kann. Wir hoffen, dass der Poetry Slam wie geplant stattfinden kann, k\u00f6nnen allerdings nichts garantieren. F\u00fcr ein Hygienekonzept und hinreichende Ma\u00dfnahmen wird gesorgt sein. Der Besuch der Veranstaltung folgt den aktuellen Auflagen der Coronaschutzverordnung.\n\n<\/div>\n<\/div>\n<\/div>\n<strong>\u00a0<\/strong>\n\nAnmeldung f\u00fcr Slammer: <a href=\"mailto:zeilensprung@gmx.net\">zeilensprung@gmx.net<\/a>\n\nBesucht den Zeitsprung auf <a href=\"https:\/\/www.facebook.com\/ZeilensprungPoetrySlam\" target=\"_blank\" rel=\"noopener noreferrer\">Facebook<\/a>\n\n<strong>\u00a0Die n\u00e4chsten Termine\n<\/strong>\n\n\n<ul class=\"wp-block-list\">\n \t<li>25.01.2026<\/li>\n \n \t<li>22.03.2026<\/li>\n \n \t<li>10.05.2026<\/li>\n \n \t<li>08.11.2026<\/li>\n<\/ul>\n\n<blockquote><strong>Slam Impressionen aus den letzten Jahren<\/strong><\/blockquote>\n\t<script type=\"text\/javascript\">\n\t\tjQuery(document).ready(function(){\n\t\t\t;( function( jQuery ) {\n\t\t\t\tjQuery( '.swipebox_181' ).swipebox({\n\t\t\t\t\t\t\thideBarsDelay:0,\n\t\t\t\t\t\t\thideCloseButtonOnMobile : false,\n\t\t\t\t\t\t});\n\t\t\t})( jQuery );\n\t\t});\n\t<\/script>\n<style>\r\n\t#pvgm_181 .view {\r\n\t   \t}\r\n\r\n\t#pvgm_181 .view h2 {\r\n\t   font-family: _lucida;\r\n\t   background:  rgba(0, 0, 0,0.8 ) !important;\r\n\t   color: #ffffff !important;\r\n\t   font-size: 18px;\r\n\t   line-height: 24px;\r\n\t}\r\n\t\r\n\t#pvgm_181 .view span.t_20 {\r\n\t\tmargin-top: 15px;\r\n\t\tdisplay: block;\r\n\t}\r\n\r\n\t#pvgm_181 .view p {\r\n\t   font-family: _lucida;\r\n\t   color: #ffffff;\r\n\t   font-size: 14px;\r\n\t}\r\n\r\n\t#pvgm_181 .view a.info {\r\n\t   background:  rgba(0, 0, 0,0.8 ) !important;\r\n\t   color: #ffffff;\r\n\t}\r\n\r\n\t#pvgm_181 .view-third .mask {\r\n\t\tbackground-color: rgba(0, 0, 0,1 ) !important;\r\n\t}\r\n\t<\/style>\n\t\t<div class=\"pvgm-gallery-title\">\n        Poetry Slam    <\/div>\n\t\t\n\t<div class=\"row pvgm-gallery\" id=\"pvgm_181\">\n\t\t\t\t\t<div class=\"col-md-6 col-sm-6 wl-gallery\">\n\t\t\t\t\n\t\t\t\t\t\t\t\t\n\t\t\t\t\t<div class=\"view view-third \">\n\t\t\t\t\t\t<img decoding=\"async\" src=\"http:\/\/bistro-katt.eu\/wp-content\/uploads\/2016\/07\/slam-2-400x376.jpg\" alt=\"\" \/>\n\t\t\t\t\t\t<div class=\"mask\">\n\t\t\t\t\t\t\t\t\t\t\t\t\t\t\t<span class=\"t_20\"><\/span>\n\t\t\t\t\t\t\t\t\t\t\t\t\t\t<p>\n\t\t\t\t\t\t\t\t\t\t\t\t\t\t<\/p>\n\t\t\t\t\t\t\t<a href=\"http:\/\/bistro-katt.eu\/wp-content\/uploads\/2016\/07\/slam-2.jpg\"  class=\"swipebox_181 info rectangle\" alt=\"\" >Read More <\/a>\n\t\t\t\t\t\t<\/div>\n\t\t\t\t\t<\/div>\n\t\t\t\t\t\t\t\t\n\t\t\t\t<\/div>\t\n\t\t\t\t\t\t\t\t<div class=\"col-md-6 col-sm-6 wl-gallery\">\n\t\t\t\t\n\t\t\t\t\t\t\t\t\n\t\t\t\t\t<div class=\"view view-third \">\n\t\t\t\t\t\t<img decoding=\"async\" src=\"http:\/\/bistro-katt.eu\/wp-content\/uploads\/2016\/07\/slam-4-400x378.jpg\" alt=\"\" \/>\n\t\t\t\t\t\t<div class=\"mask\">\n\t\t\t\t\t\t\t\t\t\t\t\t\t\t\t<span class=\"t_20\"><\/span>\n\t\t\t\t\t\t\t\t\t\t\t\t\t\t<p>\n\t\t\t\t\t\t\t\t\t\t\t\t\t\t<\/p>\n\t\t\t\t\t\t\t<a href=\"http:\/\/bistro-katt.eu\/wp-content\/uploads\/2016\/07\/slam-4.jpg\"  class=\"swipebox_181 info rectangle\" alt=\"\" >Read More <\/a>\n\t\t\t\t\t\t<\/div>\n\t\t\t\t\t<\/div>\n\t\t\t\t\t\t\t\t\n\t\t\t\t<\/div>\t\n\t\t\t\t\t\t\t\t<div class=\"col-md-6 col-sm-6 wl-gallery\">\n\t\t\t\t\n\t\t\t\t\t\t\t\t\n\t\t\t\t\t<div class=\"view view-third \">\n\t\t\t\t\t\t<img decoding=\"async\" src=\"http:\/\/bistro-katt.eu\/wp-content\/uploads\/2016\/07\/slam-1-400x378.jpg\" alt=\"\" \/>\n\t\t\t\t\t\t<div class=\"mask\">\n\t\t\t\t\t\t\t\t\t\t\t\t\t\t\t<span class=\"t_20\"><\/span>\n\t\t\t\t\t\t\t\t\t\t\t\t\t\t<p>\n\t\t\t\t\t\t\t\t\t\t\t\t\t\t<\/p>\n\t\t\t\t\t\t\t<a href=\"http:\/\/bistro-katt.eu\/wp-content\/uploads\/2016\/07\/slam-1.jpg\"  class=\"swipebox_181 info rectangle\" alt=\"\" >Read More <\/a>\n\t\t\t\t\t\t<\/div>\n\t\t\t\t\t<\/div>\n\t\t\t\t\t\t\t\t\n\t\t\t\t<\/div>\t\n\t\t\t\t\t\t\t\t<div class=\"col-md-6 col-sm-6 wl-gallery\">\n\t\t\t\t\n\t\t\t\t\t\t\t\t\n\t\t\t\t\t<div class=\"view view-third \">\n\t\t\t\t\t\t<img decoding=\"async\" src=\"http:\/\/bistro-katt.eu\/wp-content\/uploads\/2016\/07\/slam-3-400x378.jpg\" alt=\"\" \/>\n\t\t\t\t\t\t<div class=\"mask\">\n\t\t\t\t\t\t\t\t\t\t\t\t\t\t\t<span class=\"t_20\"><\/span>\n\t\t\t\t\t\t\t\t\t\t\t\t\t\t<p>\n\t\t\t\t\t\t\t\t\t\t\t\t\t\t<\/p>\n\t\t\t\t\t\t\t<a href=\"http:\/\/bistro-katt.eu\/wp-content\/uploads\/2016\/07\/slam-3.jpg\"  class=\"swipebox_181 info rectangle\" alt=\"\" >Read More <\/a>\n\t\t\t\t\t\t<\/div>\n\t\t\t\t\t<\/div>\n\t\t\t\t\t\t\t\t\n\t\t\t\t<\/div>\t\n\t\t\t\t\t<\/div>\n\t\n\n##\n\n<a href=\"http:\/\/kattwinkelsche-fabrik.de\/Kultur\/index.html\">Mehr Veranstaltungen der Kattwinkelschen Fabrik finden Sie hier!<\/a>","protected":false},"excerpt":{"rendered":"<p>Jeden zweiten Monat findet im Bistro Katt der Zeilensprung statt Wenn das Mikrofon knistert und die Schweinwerfer die B\u00fchne erleuchten, dann ist Eines&#8230;<\/p>\n","protected":false},"author":1,"featured_media":0,"parent":0,"menu_order":5,"comment_status":"closed","ping_status":"closed","template":"","meta":{"footnotes":""},"class_list":["post-51","page","type-page","status-publish","hentry"],"_links":{"self":[{"href":"https:\/\/bistro-katt.eu\/index.php?rest_route=\/wp\/v2\/pages\/51","targetHints":{"allow":["GET"]}}],"collection":[{"href":"https:\/\/bistro-katt.eu\/index.php?rest_route=\/wp\/v2\/pages"}],"about":[{"href":"https:\/\/bistro-katt.eu\/index.php?rest_route=\/wp\/v2\/types\/page"}],"author":[{"embeddable":true,"href":"https:\/\/bistro-katt.eu\/index.php?rest_route=\/wp\/v2\/users\/1"}],"replies":[{"embeddable":true,"href":"https:\/\/bistro-katt.eu\/index.php?rest_route=%2Fwp%2Fv2%2Fcomments&post=51"}],"version-history":[{"count":44,"href":"https:\/\/bistro-katt.eu\/index.php?rest_route=\/wp\/v2\/pages\/51\/revisions"}],"predecessor-version":[{"id":1022,"href":"https:\/\/bistro-katt.eu\/index.php?rest_route=\/wp\/v2\/pages\/51\/revisions\/1022"}],"wp:attachment":[{"href":"https:\/\/bistro-katt.eu\/index.php?rest_route=%2Fwp%2Fv2%2Fmedia&parent=51"}],"curies":[{"name":"wp","href":"https:\/\/api.w.org\/{rel}","templated":true}]}}