{"id":37,"date":"2016-07-16T13:38:08","date_gmt":"2016-07-16T11:38:08","guid":{"rendered":"http:\/\/bistro-katt.eu\/?page_id=37"},"modified":"2024-11-21T15:49:43","modified_gmt":"2024-11-21T13:49:43","slug":"kontakt","status":"publish","type":"page","link":"https:\/\/bistro-katt.eu\/?page_id=37","title":{"rendered":"Kontakt \u00b7 Infos \u00b7 Speisekarte"},"content":{"rendered":"<p><strong>Unsere Speisekarte<\/strong><\/p>\n<p>\t<script type=\"text\/javascript\">\n\t\tjQuery(document).ready(function(){\n\t\t\t;( function( jQuery ) {\n\t\t\t\tjQuery( '.swipebox_830' ).swipebox({\n\t\t\t\t\t\t\thideBarsDelay:0,\n\t\t\t\t\t\t\thideCloseButtonOnMobile : false,\n\t\t\t\t\t\t});\n\t\t\t})( jQuery );\n\t\t});\n\t<\/script>\n<style>\r\n\t#pvgm_830 .view {\r\n\t   \t}\r\n\r\n\t#pvgm_830 .view h2 {\r\n\t   font-family: Times New Roman;\r\n\t   background:  rgba(0, 0, 0,0.8 ) !important;\r\n\t   color: #ffffff !important;\r\n\t   font-size: 18px;\r\n\t   line-height: 24px;\r\n\t}\r\n\t\r\n\t#pvgm_830 .view span.t_20 {\r\n\t\tmargin-top: 15px;\r\n\t\tdisplay: block;\r\n\t}\r\n\r\n\t#pvgm_830 .view p {\r\n\t   font-family: Times New Roman;\r\n\t   color: #ffffff;\r\n\t   font-size: 14px;\r\n\t}\r\n\r\n\t#pvgm_830 .view a.info {\r\n\t   background:  rgba(0, 0, 0,0.8 ) !important;\r\n\t   color: #ffffff;\r\n\t}\r\n\r\n\t#pvgm_830 .view-fifth .mask {\r\n\t\tbackground-color: rgba(0, 0, 0,1 ) !important;\r\n\t}\r\n\t<\/style>\n\t\t<div class=\"pvgm-gallery-title\">\n        Speisekarte    <\/div>\n\t\t\n\t<div class=\"row pvgm-gallery\" id=\"pvgm_830\">\n\t\t\t\t\t<div class=\"col-md-6 col-sm-6 wl-gallery\">\n\t\t\t\t\n\t\t\t\t\t\t\t\t\n\t\t\t\t\t<div class=\"view view-fifth \">\n\t\t\t\t\t\t<img decoding=\"async\" src=\"https:\/\/bistro-katt.eu\/wp-content\/uploads\/2026\/02\/Speisekarte-Katt-0126-400x400.png\" alt=\"\" \/>\n\t\t\t\t\t\t<div class=\"mask\">\n\t\t\t\t\t\t\t\t\t\t\t\t\t\t<h2 class=\"h2\">Speisekarte Bistro Katt Seite 1<\/h2>\n\t\t\t\t\t\t\t\t\t\t\t\t\t\t<p>\n\t\t\t\t\t\t\t\t\t\t\t\t\t\t<\/p>\n\t\t\t\t\t\t\t<a href=\"https:\/\/bistro-katt.eu\/wp-content\/uploads\/2026\/02\/Speisekarte-Katt-0126-scaled.png\"  class=\"swipebox_830 info rectangle\" alt=\"\" >Zum vergr\u00f6\u00dfern bitte hier klicken <\/a>\n\t\t\t\t\t\t<\/div>\n\t\t\t\t\t<\/div>\n\t\t\t\t\t\t\t\t\n\t\t\t\t<\/div>\t\n\t\t\t\t\t\t\t\t<div class=\"col-md-6 col-sm-6 wl-gallery\">\n\t\t\t\t\n\t\t\t\t\t\t\t\t\n\t\t\t\t\t<div class=\"view view-fifth \">\n\t\t\t\t\t\t<img decoding=\"async\" src=\"https:\/\/bistro-katt.eu\/wp-content\/uploads\/2026\/02\/Speisekarte-Katt-01262-400x400.png\" alt=\"\" \/>\n\t\t\t\t\t\t<div class=\"mask\">\n\t\t\t\t\t\t\t\t\t\t\t\t\t\t<h2 class=\"h2\">Speisekarte Bistro Katt Seite 2<\/h2>\n\t\t\t\t\t\t\t\t\t\t\t\t\t\t<p>\n\t\t\t\t\t\t\t\t\t\t\t\t\t\t<\/p>\n\t\t\t\t\t\t\t<a href=\"https:\/\/bistro-katt.eu\/wp-content\/uploads\/2026\/02\/Speisekarte-Katt-01262-scaled.png\"  class=\"swipebox_830 info rectangle\" alt=\"\" >Zum vergr\u00f6\u00dfern bitte hier klicken <\/a>\n\t\t\t\t\t\t<\/div>\n\t\t\t\t\t<\/div>\n\t\t\t\t\t\t\t\t\n\t\t\t\t<\/div>\t\n\t\t\t\t\t<\/div>\n\t<br \/>\n.<br \/>\n.<\/p>\n<p><strong>Speisekarten bei Veranstaltungen &#8211; Wir bitten um Beachtung!<\/strong><\/p>\n\t<script type=\"text\/javascript\">\n\t\tjQuery(document).ready(function(){\n\t\t\t;( function( jQuery ) {\n\t\t\t\tjQuery( '.swipebox_953' ).swipebox({\n\t\t\t\t\t\t\thideBarsDelay:0,\n\t\t\t\t\t\t\thideCloseButtonOnMobile : false,\n\t\t\t\t\t\t});\n\t\t\t})( jQuery );\n\t\t});\n\t<\/script>\n<style>\r\n\t#pvgm_953 .view {\r\n\t   \t}\r\n\r\n\t#pvgm_953 .view h2 {\r\n\t   font-family: Times New Roman;\r\n\t   background:  rgba(0, 0, 0,0.8 ) !important;\r\n\t   color: #ffffff !important;\r\n\t   font-size: 18px;\r\n\t   line-height: 24px;\r\n\t}\r\n\t\r\n\t#pvgm_953 .view span.t_20 {\r\n\t\tmargin-top: 15px;\r\n\t\tdisplay: block;\r\n\t}\r\n\r\n\t#pvgm_953 .view p {\r\n\t   font-family: Times New Roman;\r\n\t   color: #ffffff;\r\n\t   font-size: 14px;\r\n\t}\r\n\r\n\t#pvgm_953 .view a.info {\r\n\t   background:  rgba(0, 0, 0,0.8 ) !important;\r\n\t   color: #ffffff;\r\n\t}\r\n\r\n\t#pvgm_953 .view-fifth .mask {\r\n\t\tbackground-color: rgba(0, 0, 0,1 ) !important;\r\n\t}\r\n\t<\/style>\n\t\t<div class=\"pvgm-gallery-title\">\n        Veranstaltungs Speisekarte    <\/div>\n\t\t\n\t<div class=\"row pvgm-gallery\" id=\"pvgm_953\">\n\t\t\t\t\t<div class=\"col-md-6 col-sm-6 wl-gallery\">\n\t\t\t\t\n\t\t\t\t\t\t\t\t\n\t\t\t\t\t<div class=\"view view-fifth \">\n\t\t\t\t\t\t<img decoding=\"async\" src=\"https:\/\/bistro-katt.eu\/wp-content\/uploads\/2026\/02\/Veranstaltungskarte-0126-400x400.png\" alt=\"\" \/>\n\t\t\t\t\t\t<div class=\"mask\">\n\t\t\t\t\t\t\t\t\t\t\t\t\t\t<h2 class=\"h2\">Veranstaltungskarte Seite 1<\/h2>\n\t\t\t\t\t\t\t\t\t\t\t\t\t\t<p>\n\t\t\t\t\t\t\t\t\t\t\t\t\t\t<\/p>\n\t\t\t\t\t\t\t<a href=\"https:\/\/bistro-katt.eu\/wp-content\/uploads\/2026\/02\/Veranstaltungskarte-0126-scaled.png\"  class=\"swipebox_953 info rectangle\" alt=\"\" >Zum vergr\u00f6\u00dfern bitte hier klicken <\/a>\n\t\t\t\t\t\t<\/div>\n\t\t\t\t\t<\/div>\n\t\t\t\t\t\t\t\t\n\t\t\t\t<\/div>\t\n\t\t\t\t\t\t\t\t<div class=\"col-md-6 col-sm-6 wl-gallery\">\n\t\t\t\t\n\t\t\t\t\t\t\t\t\n\t\t\t\t\t<div class=\"view view-fifth \">\n\t\t\t\t\t\t<img decoding=\"async\" src=\"https:\/\/bistro-katt.eu\/wp-content\/uploads\/2026\/02\/Veranstaltungskarte-01262-400x400.png\" alt=\"\" \/>\n\t\t\t\t\t\t<div class=\"mask\">\n\t\t\t\t\t\t\t\t\t\t\t\t\t\t<h2 class=\"h2\">Veranstaltungskarte Seite 2<\/h2>\n\t\t\t\t\t\t\t\t\t\t\t\t\t\t<p>\n\t\t\t\t\t\t\t\t\t\t\t\t\t\t<\/p>\n\t\t\t\t\t\t\t<a href=\"https:\/\/bistro-katt.eu\/wp-content\/uploads\/2026\/02\/Veranstaltungskarte-01262-scaled.png\"  class=\"swipebox_953 info rectangle\" alt=\"\" >Zum vergr\u00f6\u00dfern bitte hier klicken <\/a>\n\t\t\t\t\t\t<\/div>\n\t\t\t\t\t<\/div>\n\t\t\t\t\t\t\t\t\n\t\t\t\t<\/div>\t\n\t\t\t\t\t<\/div>\n\t\n<p><strong><br \/>\nBistro Katt<\/strong><\/p>\n<p>Kattwinkelstr. 3<br \/>\n42929 Wermelskirchen<\/p>\n<p><strong>Inhaber<\/strong><\/p>\n<p><strong><br \/>\n<\/strong>Anette und Jens Koriandt<br \/>\nphone 02196 . 710 577\u00a0erreichbar Mittwoch-Sonntag ab 17 Uhr<br \/>\nmobil 0176 . 72610394<\/p>\n<p><a href=\"mailto:katt.bistro@web.de\">katt.bistro@web.de<\/a><\/p>\n<p><iframe loading=\"lazy\" style=\"border: 0;\" src=\"https:\/\/www.google.com\/maps\/embed?pb=!1m18!1m12!1m3!1d2503.3636747827313!2d7.2149759162536755!3d51.13864437957633!2m3!1f0!2f0!3f0!3m2!1i1024!2i768!4f13.1!3m3!1m2!1s0x47b92b24580e9779%3A0x6c0932e0298fafb4!2sBistro+Katt!5e0!3m2!1sde!2sde!4v1468875526049\" width=\"800\" height=\"400\" frameborder=\"0\" allowfullscreen=\"allowfullscreen\"><\/iframe><\/p>\n<p><strong>Impressum <\/strong><\/p>\n<p>Bistro Katt<br \/>\nKattwinkelstr. 3<br \/>\n42929 Wermelskirchen<\/p>\n<p><strong>Inhaltlich Verantwortlicher gem. \u00a7 55 II RStV: <\/strong><\/p>\n<p>Anette Koriandt<br \/>\nKattwinkelstr. 3<br \/>\n42929 Wermelskirchen<\/p>\n<p><strong><br \/>\nHaftung f\u00fcr Inhalte<\/strong><\/p>\n<p>Die Inhalte unserer Seiten wurden mit gr\u00f6\u00dfter Sorgfalt erstellt. F\u00fcr die Richtigkeit,Vollst\u00e4ndigkeit und Aktualit\u00e4t der Inhalte k\u00f6nnen wir jedoch keine Gew\u00e4hr \u00fcbernehmen. Als Diensteanbieter sind wir gem\u00e4\u00df \u00a7 7 Abs.1 TMG f\u00fcr eigene Inhalte auf diesen Seiten nach den allgemeinen Gesetzen verantwortlich. Nach \u00a7\u00a7 8 bis 10 TMG sind wir als Diensteanbieter jedoch nicht verpflichtet, \u00fcbermittelte oder gespeicherte fremde Informationen zu \u00fcberwachen oder nach Umst\u00e4nden zu forschen, die auf eine rechtswidrige T\u00e4tigkeit hinweisen. Verpflichtungen zur Entfernung oder Sperrung der Nutzung von Informationen nach den allgemeinen Gesetzen bleiben hiervon unber\u00fchrt. Eine diesbez\u00fcgliche Haftung ist jedoch erst ab dem Zeitpunkt der Kenntnis einer konkreten Rechtsverletzung m\u00f6glich. Bei Bekanntwerden von entsprechenden Rechtsverletzungen werden wir diese Inhalte umgehend entfernen.<\/p>\n<p><strong><br \/>\nDatenschutz<\/strong><\/p>\n<p>Die Nutzung unserer Webseite ist in der Regel ohne eine Angabe personenbezogener Daten m\u00f6glich. Soweit auf unseren Seiten personenbezogene Daten (beispielsweise Name, Anschrift oder E-Mail-Adresse) erhoben werden, erfolgt dies \u2013 soweit es m\u00f6glich ist\u2013 immer auf freiwilliger Basis. Wir geben Ihre Daten ohne Ihre ausdr\u00fcckliche Zustimmung nicht an Dritte weiter. Au\u00dferdem weisen wir Sie darauf hin, dass die Daten\u00fcbertragung im Internet (wie beispielsweise bei der Kommunikation \u00fcber E-Mail) Sicherheitsl\u00fccken aufweisen kann. Denn ein l\u00fcckenloser Schutz der Daten vor dem Zugriff durch Dritte ist nicht m\u00f6glich. Wir widersprechen hiermit ausdr\u00fccklich der Nutzung von im Rahmen der Impressumspflicht ver\u00f6ffentlichten Kontaktdaten durch Dritte zur \u00dcbersendung von nicht ausdr\u00fccklich angeforderter Werbung und Informationsmaterialien. Die Betreiber dieser Seiten behalten sich ausdr\u00fccklich vor, im Fall der unverlangten Zusendung von Werbeinformationen, etwa durch Spam-Mails, rechtliche Schritte einzuleiten.<\/p>\n<p><strong><br \/>\nGoogle AdSense<\/strong><\/p>\n<p>Diese Website benutzt Google Adsense, einen Webanzeigendienst der Google Inc., USA (\u201cGoogle\u201d). Google Adsense verwendet sog. \u201cCookies\u201d (Textdateien), die auf Ihrem Computer gespeichert werden und die eine Analyse der Benutzung der Website durch Sie erm\u00f6glicht. Google Adsense verwendet auch sog. \u201cWeb Beacons\u201d (kleine unsichtbare Grafiken) zur Sammlung von Informationen. Durch die Verwendung des Web Beacons k\u00f6nnen einfache Aktionen wie der Besucherverkehr auf der Webseite aufgezeichnet und gesammelt werden. Die durch den Cookie und\/oder Web Beacon erzeugten Informationen \u00fcber Ihre Benutzung diese Website (einschlie\u00dflich Ihrer IP-Adresse) werden an einen Server von Google in den USA \u00fcbertragen und dort gespeichert. Google wird diese Informationen benutzen, um Ihre Nutzung der Website im Hinblick auf die Anzeigen auszuwerten, um Reports \u00fcber die Websiteaktivit\u00e4ten und Anzeigen f\u00fcr die Websitebetreiber zusammenzustellen und um weitere mit der Websitenutzung und der Internetnutzung verbundene Dienstleistungen zu erbringen.<br \/>\nAuch wird Google diese Informationen gegebenenfalls an Dritte \u00fcbertragen, sofern dies gesetzlich vorgeschrieben oder soweit Dritte diese Daten im Auftrag von Google verarbeiten. Google wird in keinem Fall Ihre IP-Adresse mit anderen Daten der Google in Verbindung bringen. Das Speichern von Cookies auf Ihrer Festplatte und die Anzeige<br \/>\nvon Web Beacons k\u00f6nnen Sie verhindern, indem Sie in Ihren Browser-Einstellungen \u201ckeine Cookies akzeptieren\u201d w\u00e4hlen (Im MS Internet-Explorer unter \u201cExtras &gt; Internetoptionen &gt; Datenschutz &gt; Einstellung\u201d; im Firefox unter \u201cExtras &gt; Einstellungen &gt; Datenschutz &gt; Cookies\u201d); wir weisen Sie jedoch darauf hin, dass Sie in diesem Fall gegebenenfalls nicht s\u00e4mtliche Funktionen dieser Website voll umf\u00e4nglich nutzen k\u00f6nnen.<br \/>\nDurch die Nutzung dieser Website erkl\u00e4ren Sie sich mit der Bearbeitung der \u00fcber Sie erhobenen Daten durch Google in der zuvor beschriebenen Art und Weise und zu dem zuvor benannten Zweck einverstanden.<\/p>\n<p><strong><br \/>\nGoogle Analytics<\/strong><\/p>\n<p>Diese Website benutzt Google Analytics, einen Webanalysedienst der Google Inc. (\u201dGoogle\u201d). Google Analytics verwendet sog. \u201dCookies\u201d, Textdateien, die auf Ihrem Computer gespeichert werden und die eine Analyse der Benutzung der Website durch Sie erm\u00f6glicht. Die durch den Cookie erzeugten Informationen \u00fcber Ihre Benutzung diese Website (einschlie\u00dflich Ihrer IP-Adresse) wird an einen Server von Google in den USA \u00fcbertragen und dort gespeichert. Google wird diese Informationen benutzen, um Ihre Nutzung der Website auszuwerten, um Reports \u00fcber die Websiteaktivit\u00e4ten f\u00fcr die Websitebetreiber zusammenzustellen und um weitere mit der Websitenutzung und der Internetnutzung verbundene Dienstleistungen zu erbringen. Auch wird Google diese Informationen gegebenenfalls an Dritte \u00fcbertragen, sofern dies gesetzlich vorgeschrieben oder soweit Dritte diese Daten im Auftrag von Google verarbeiten.<br \/>\nGoogle wird in keinem Fall Ihre IP-Adresse mit anderen Daten der Google in Verbindung bringen. Sie k\u00f6nnen die Installation der Cookies durch eine entsprechende Einstellung Ihrer Browser Software verhindern; wir weisen Sie jedoch darauf hin, dass Sie in diesem Fall gegebenenfalls nicht s\u00e4mtliche Funktionen dieser Website voll umf\u00e4nglich nutzen k\u00f6nnen. Durch die Nutzung dieser Website erkl\u00e4ren Sie sich mit der Bearbeitung der \u00fcber Sie erhobenen Daten durch Google in der zuvor beschriebenen Art und Weise und zu dem zuvor benannten Zweck einverstanden. Sie k\u00f6nnen der Erhebung und Speicherung Ihrer Daten jederzeit <a href=\"http:\/\/tools.google.com\/dlpage\/gaoptout?hl=de\" target=\"_blank\" rel=\"noopener noreferrer\">widersprechen<\/a>.<\/p>\n<p><em><a href=\"http:\/\/www.agb.de\/\" target=\"_blank\" rel=\"noopener noreferrer\">Gratis Impressum<\/a> von agb.de<\/em><\/p>\n","protected":false},"excerpt":{"rendered":"<p>Unsere Speisekarte . . Speisekarten bei Veranstaltungen &#8211; Wir bitten um Beachtung! Bistro Katt Kattwinkelstr. 3 42929 Wermelskirchen Inhaber Anette und Jens Koriandt&#8230;<\/p>\n","protected":false},"author":1,"featured_media":0,"parent":0,"menu_order":4,"comment_status":"closed","ping_status":"closed","template":"","meta":{"footnotes":""},"class_list":["post-37","page","type-page","status-publish","hentry"],"_links":{"self":[{"href":"https:\/\/bistro-katt.eu\/index.php?rest_route=\/wp\/v2\/pages\/37","targetHints":{"allow":["GET"]}}],"collection":[{"href":"https:\/\/bistro-katt.eu\/index.php?rest_route=\/wp\/v2\/pages"}],"about":[{"href":"https:\/\/bistro-katt.eu\/index.php?rest_route=\/wp\/v2\/types\/page"}],"author":[{"embeddable":true,"href":"https:\/\/bistro-katt.eu\/index.php?rest_route=\/wp\/v2\/users\/1"}],"replies":[{"embeddable":true,"href":"https:\/\/bistro-katt.eu\/index.php?rest_route=%2Fwp%2Fv2%2Fcomments&post=37"}],"version-history":[{"count":21,"href":"https:\/\/bistro-katt.eu\/index.php?rest_route=\/wp\/v2\/pages\/37\/revisions"}],"predecessor-version":[{"id":957,"href":"https:\/\/bistro-katt.eu\/index.php?rest_route=\/wp\/v2\/pages\/37\/revisions\/957"}],"wp:attachment":[{"href":"https:\/\/bistro-katt.eu\/index.php?rest_route=%2Fwp%2Fv2%2Fmedia&parent=37"}],"curies":[{"name":"wp","href":"https:\/\/api.w.org\/{rel}","templated":true}]}}